{"id":13,"date":"2019-04-18T11:56:44","date_gmt":"2019-04-18T09:56:44","guid":{"rendered":"http:\/\/thomasgutehrle.com\/?page_id=13"},"modified":"2025-06-24T11:52:54","modified_gmt":"2025-06-24T09:52:54","slug":"my-music-website","status":"publish","type":"page","link":"https:\/\/thomasgutehrle.com\/","title":{"rendered":"Thomas Gutehrl\u00e9 :"},"content":{"rendered":"<p style=\"text-align: left;\">Guitariste, bassiste et compositeur, ma curiosit\u00e9 m&#8217;a pouss\u00e9 d\u00e8s mes premiers pas dans la musique \u00e0 m\u2019int\u00e9resser aussi bien aux musiques traditionnelles d\u2019Europe et du Moyen-Orient, qu\u2019au rock ou \u00e0 la chanson folk am\u00e9ricaine. Je suis aujourd\u2019hui actif dans plusieurs formations aux identit\u00e9s musicales tr\u00e8s diff\u00e9rentes (Contremeute, La Solive, Awri) et je compose r\u00e9guli\u00e8rement pour des courts-m\u00e9trages et des publicit\u00e9s. Par ailleurs, je suis titulaire d&#8217;un certificat de qualification professionnelle en musicoth\u00e9rapie, et je propose mes services dans des institutions accueillant des personnes \u00e2g\u00e9es d\u00e9pendantes ou des personnes atteintes de handicap.<\/p>\n<p><img loading=\"lazy\" decoding=\"async\" class=\"size-medium wp-image-254 alignleft\" src=\"https:\/\/thomasgutehrle.com\/wp-content\/uploads\/2024\/05\/2023_-PHOTO-GROUPE-MUSIQUE-KABYLE-016-200x300.jpg\" alt=\"\" width=\"200\" height=\"300\" srcset=\"https:\/\/thomasgutehrle.com\/wp-content\/uploads\/2024\/05\/2023_-PHOTO-GROUPE-MUSIQUE-KABYLE-016-200x300.jpg 200w, https:\/\/thomasgutehrle.com\/wp-content\/uploads\/2024\/05\/2023_-PHOTO-GROUPE-MUSIQUE-KABYLE-016-683x1024.jpg 683w, https:\/\/thomasgutehrle.com\/wp-content\/uploads\/2024\/05\/2023_-PHOTO-GROUPE-MUSIQUE-KABYLE-016-768x1152.jpg 768w, https:\/\/thomasgutehrle.com\/wp-content\/uploads\/2024\/05\/2023_-PHOTO-GROUPE-MUSIQUE-KABYLE-016-1024x1536.jpg 1024w, https:\/\/thomasgutehrle.com\/wp-content\/uploads\/2024\/05\/2023_-PHOTO-GROUPE-MUSIQUE-KABYLE-016-1365x2048.jpg 1365w, https:\/\/thomasgutehrle.com\/wp-content\/uploads\/2024\/05\/2023_-PHOTO-GROUPE-MUSIQUE-KABYLE-016-scaled.jpg 1707w\" sizes=\"auto, (max-width: 200px) 100vw, 200px\" \/><\/p>\n<p><img loading=\"lazy\" decoding=\"async\" class=\"alignnone size-medium wp-image-202\" src=\"https:\/\/thomasgutehrle.com\/wp-content\/uploads\/2022\/01\/20211210_230557-225x300.jpg\" alt=\"\" width=\"225\" height=\"300\" srcset=\"https:\/\/thomasgutehrle.com\/wp-content\/uploads\/2022\/01\/20211210_230557-225x300.jpg 225w, https:\/\/thomasgutehrle.com\/wp-content\/uploads\/2022\/01\/20211210_230557-768x1024.jpg 768w, https:\/\/thomasgutehrle.com\/wp-content\/uploads\/2022\/01\/20211210_230557-1152x1536.jpg 1152w, https:\/\/thomasgutehrle.com\/wp-content\/uploads\/2022\/01\/20211210_230557-1536x2048.jpg 1536w, https:\/\/thomasgutehrle.com\/wp-content\/uploads\/2022\/01\/20211210_230557-scaled.jpg 1920w\" sizes=\"auto, (max-width: 225px) 100vw, 225px\" \/> <img loading=\"lazy\" decoding=\"async\" class=\"alignnone size-medium wp-image-203\" src=\"https:\/\/thomasgutehrle.com\/wp-content\/uploads\/2022\/01\/ce-jour-la-300x193.jpg\" alt=\"\" width=\"300\" height=\"193\" srcset=\"https:\/\/thomasgutehrle.com\/wp-content\/uploads\/2022\/01\/ce-jour-la-300x193.jpg 300w, https:\/\/thomasgutehrle.com\/wp-content\/uploads\/2022\/01\/ce-jour-la-1024x659.jpg 1024w, https:\/\/thomasgutehrle.com\/wp-content\/uploads\/2022\/01\/ce-jour-la-768x495.jpg 768w, https:\/\/thomasgutehrle.com\/wp-content\/uploads\/2022\/01\/ce-jour-la-1536x989.jpg 1536w, https:\/\/thomasgutehrle.com\/wp-content\/uploads\/2022\/01\/ce-jour-la-2048x1319.jpg 2048w\" sizes=\"auto, (max-width: 300px) 100vw, 300px\" \/><\/p>\n","protected":false},"excerpt":{"rendered":"<p>This is the page excerpt.<\/p>\n","protected":false},"author":1,"featured_media":271,"parent":0,"menu_order":0,"comment_status":"closed","ping_status":"closed","template":"template-home.php","meta":{"footnotes":""},"class_list":["post-13","page","type-page","status-publish","has-post-thumbnail","hentry"],"_links":{"self":[{"href":"https:\/\/thomasgutehrle.com\/index.php\/wp-json\/wp\/v2\/pages\/13","targetHints":{"allow":["GET"]}}],"collection":[{"href":"https:\/\/thomasgutehrle.com\/index.php\/wp-json\/wp\/v2\/pages"}],"about":[{"href":"https:\/\/thomasgutehrle.com\/index.php\/wp-json\/wp\/v2\/types\/page"}],"author":[{"embeddable":true,"href":"https:\/\/thomasgutehrle.com\/index.php\/wp-json\/wp\/v2\/users\/1"}],"replies":[{"embeddable":true,"href":"https:\/\/thomasgutehrle.com\/index.php\/wp-json\/wp\/v2\/comments?post=13"}],"version-history":[{"count":11,"href":"https:\/\/thomasgutehrle.com\/index.php\/wp-json\/wp\/v2\/pages\/13\/revisions"}],"predecessor-version":[{"id":264,"href":"https:\/\/thomasgutehrle.com\/index.php\/wp-json\/wp\/v2\/pages\/13\/revisions\/264"}],"wp:featuredmedia":[{"embeddable":true,"href":"https:\/\/thomasgutehrle.com\/index.php\/wp-json\/wp\/v2\/media\/271"}],"wp:attachment":[{"href":"https:\/\/thomasgutehrle.com\/index.php\/wp-json\/wp\/v2\/media?parent=13"}],"curies":[{"name":"wp","href":"https:\/\/api.w.org\/{rel}","templated":true}]}}